{"id":16389,"date":"2025-04-03T14:30:16","date_gmt":"2025-04-03T14:30:16","guid":{"rendered":"https:\/\/macchina.vamtam.com\/?page_id=16389"},"modified":"2025-04-15T15:40:39","modified_gmt":"2025-04-15T15:40:39","slug":"cerez-politikasi","status":"publish","type":"page","link":"https:\/\/www.blackrockmetalmaden.com\/en\/cerez-politikasi\/","title":{"rendered":"Cookies Policy"},"content":{"rendered":"<div data-elementor-type=\"wp-page\" data-elementor-id=\"16389\" class=\"elementor elementor-16389\" data-elementor-post-type=\"page\">\n\t\t\t\t\t\t<section class=\"elementor-section elementor-top-section elementor-element elementor-element-2fecd0d elementor-section-boxed elementor-section-height-default elementor-section-height-default\" data-id=\"2fecd0d\" data-element_type=\"section\">\n\t\t\t\t\t\t<div class=\"elementor-container elementor-column-gap-no\">\n\t\t\t\t\t<div class=\"elementor-column elementor-col-100 elementor-top-column elementor-element elementor-element-68b9acf\" data-id=\"68b9acf\" data-element_type=\"column\">\n\t\t\t<div class=\"elementor-widget-wrap elementor-element-populated\">\n\t\t\t\t\t\t<div class=\"elementor-element elementor-element-d96c633 elementor-widget elementor-widget-spacer\" data-id=\"d96c633\" data-element_type=\"widget\" data-widget_type=\"spacer.default\">\n\t\t\t\t<div class=\"elementor-widget-container\">\n\t\t\t\t\t\t\t<div class=\"elementor-spacer\">\n\t\t\t<div class=\"elementor-spacer-inner\"><\/div>\n\t\t<\/div>\n\t\t\t\t\t\t<\/div>\n\t\t\t\t<\/div>\n\t\t\t\t<div class=\"elementor-element elementor-element-565289c elementor-widget elementor-widget-heading\" data-id=\"565289c\" data-element_type=\"widget\" data-widget_type=\"heading.default\">\n\t\t\t\t<div class=\"elementor-widget-container\">\n\t\t\t\t\t<h2 class=\"elementor-heading-title elementor-size-default\">\u00c7EREZ POL\u0130T\u0130KASI<\/h2>\t\t\t\t<\/div>\n\t\t\t\t<\/div>\n\t\t\t\t<div class=\"elementor-element elementor-element-a10fc05 elementor-widget elementor-widget-spacer\" data-id=\"a10fc05\" data-element_type=\"widget\" data-widget_type=\"spacer.default\">\n\t\t\t\t<div class=\"elementor-widget-container\">\n\t\t\t\t\t\t\t<div class=\"elementor-spacer\">\n\t\t\t<div class=\"elementor-spacer-inner\"><\/div>\n\t\t<\/div>\n\t\t\t\t\t\t<\/div>\n\t\t\t\t<\/div>\n\t\t\t\t\t<\/div>\n\t\t<\/div>\n\t\t\t\t\t<\/div>\n\t\t<\/section>\n\t\t\t\t<section class=\"elementor-section elementor-top-section elementor-element elementor-element-472114e5 elementor-section-boxed elementor-section-height-default elementor-section-height-default\" data-id=\"472114e5\" data-element_type=\"section\">\n\t\t\t\t\t\t<div class=\"elementor-container elementor-column-gap-no\">\n\t\t\t\t\t<div class=\"elementor-column elementor-col-100 elementor-top-column elementor-element elementor-element-2f88687b\" data-id=\"2f88687b\" data-element_type=\"column\">\n\t\t\t<div class=\"elementor-widget-wrap elementor-element-populated\">\n\t\t\t\t\t\t<div class=\"elementor-element elementor-element-19fb9ffd elementor-widget elementor-widget-text-editor\" data-id=\"19fb9ffd\" data-element_type=\"widget\" data-widget_type=\"text-editor.default\">\n\t\t\t\t<div class=\"elementor-widget-container\">\n\t\t\t\t\t\t\t\t\t\n<h4><b>Black Rock Metal Maden Sanayi ve Ticaret A.\u015e.<\/b><\/h4>\n<p><span style=\"font-weight: 400;\">Bu \u00e7erez politikas\u0131, <\/span><b>Black Rock Metal<\/b><span style=\"font-weight: 400;\"> web sitesini ziyaret etti\u011finizde cihaz\u0131n\u0131za yerle\u015ftirilen \u00e7erezlerin ne ama\u00e7la kullan\u0131ld\u0131\u011f\u0131n\u0131 a\u00e7\u0131klamak \u00fczere haz\u0131rlanm\u0131\u015ft\u0131r.<\/span><\/p>\n<h4><b>1. \u00c7erez Nedir?<\/b><\/h4>\n<p><span style=\"font-weight: 400;\">\u00c7erezler, bir web sitesini ziyaret etti\u011finizde taray\u0131c\u0131n\u0131z arac\u0131l\u0131\u011f\u0131yla cihaz\u0131n\u0131za kaydedilen k\u00fc\u00e7\u00fck metin dosyalar\u0131d\u0131r. Kullan\u0131c\u0131 deneyimini iyile\u015ftirmek, sitenin g\u00fcvenli\u011fini sa\u011flamak ve istatistiksel analizler yapmak amac\u0131yla kullan\u0131l\u0131r.<\/span><\/p>\n<h4><b>2. Kullan\u0131lan \u00c7erez T\u00fcrleri<\/b><\/h4>\n<p><span style=\"font-weight: 400;\">Web sitemizde kullan\u0131lan \u00e7erezler a\u015fa\u011f\u0131daki ama\u00e7larla s\u0131n\u0131rl\u0131d\u0131r:<\/span><\/p>\n<ul>\n<li style=\"font-weight: 400;\" aria-level=\"1\"><b>Zorunlu \u00c7erezler:<\/b><span style=\"font-weight: 400;\"> Web sitesinin temel i\u015flevlerinin \u00e7al\u0131\u015fmas\u0131n\u0131 sa\u011flar.<\/span><span style=\"font-weight: 400;\"><br \/><br \/><\/span><\/li>\n<li style=\"font-weight: 400;\" aria-level=\"1\"><b>Analitik \u00c7erezler:<\/b><span style=\"font-weight: 400;\"> Web sitesinin kullan\u0131m istatistiklerini toplayarak performans\u0131n izlenmesini sa\u011flar.<\/span><span style=\"font-weight: 400;\"><br \/><br \/><\/span><\/li>\n<li style=\"font-weight: 400;\" aria-level=\"1\"><b>Fonksiyonel \u00c7erezler:<\/b><span style=\"font-weight: 400;\"> Kullan\u0131c\u0131n\u0131n tercihlerini hat\u0131rlayarak daha ki\u015fiselle\u015ftirilmi\u015f bir deneyim sunar.<\/span><span style=\"font-weight: 400;\"><br \/><br \/><\/span><\/li>\n<\/ul>\n<h4><b>3. \u00c7erezleri Kontrol Etme<\/b><\/h4>\n<p><span style=\"font-weight: 400;\">Taray\u0131c\u0131n\u0131z\u0131n ayarlar\u0131ndan \u00e7erezleri silebilir veya reddedebilirsiniz. Ancak bu durumda web sitemizin baz\u0131 \u00f6zelliklerinden tam olarak faydalanamayabilirsiniz.<\/span><\/p>\n<h4><b>4. \u00c7erez Y\u00f6netimi<\/b><\/h4>\n<p><span style=\"font-weight: 400;\">\u00c7erez tercihlerinizi diledi\u011finiz zaman taray\u0131c\u0131 ayarlar\u0131n\u0131z \u00fczerinden de\u011fi\u015ftirebilir, \u00e7erez ge\u00e7mi\u015fini silebilir ya da tamamen devre d\u0131\u015f\u0131 b\u0131rakabilirsiniz.<\/span><\/p>\n\t\t\t\t\t\t\t\t<\/div>\n\t\t\t\t<\/div>\n\t\t\t\t\t<\/div>\n\t\t<\/div>\n\t\t\t\t\t<\/div>\n\t\t<\/section>\n\t\t\t\t<\/div>","protected":false},"excerpt":{"rendered":"<p>\u00c7EREZ POL\u0130T\u0130KASI Black Rock Metal Maden Sanayi ve Ticaret A.\u015e. Bu \u00e7erez politikas\u0131, Black Rock Metal web sitesini ziyaret etti\u011finizde cihaz\u0131n\u0131za yerle\u015ftirilen \u00e7erezlerin ne ama\u00e7la kullan\u0131ld\u0131\u011f\u0131n\u0131 a\u00e7\u0131klamak \u00fczere haz\u0131rlanm\u0131\u015ft\u0131r. 1. \u00c7erez Nedir? \u00c7erezler, bir web sitesini ziyaret etti\u011finizde taray\u0131c\u0131n\u0131z arac\u0131l\u0131\u011f\u0131yla cihaz\u0131n\u0131za kaydedilen k\u00fc\u00e7\u00fck metin dosyalar\u0131d\u0131r. Kullan\u0131c\u0131 deneyimini iyile\u015ftirmek, sitenin g\u00fcvenli\u011fini sa\u011flamak ve istatistiksel analizler yapmak&#8230;<\/p>","protected":false},"author":1,"featured_media":0,"parent":0,"menu_order":0,"comment_status":"closed","ping_status":"closed","template":"","meta":{"footnotes":""},"class_list":["post-16389","page","type-page","status-publish","hentry"],"_links":{"self":[{"href":"https:\/\/www.blackrockmetalmaden.com\/en\/wp-json\/wp\/v2\/pages\/16389","targetHints":{"allow":["GET"]}}],"collection":[{"href":"https:\/\/www.blackrockmetalmaden.com\/en\/wp-json\/wp\/v2\/pages"}],"about":[{"href":"https:\/\/www.blackrockmetalmaden.com\/en\/wp-json\/wp\/v2\/types\/page"}],"author":[{"embeddable":true,"href":"https:\/\/www.blackrockmetalmaden.com\/en\/wp-json\/wp\/v2\/users\/1"}],"replies":[{"embeddable":true,"href":"https:\/\/www.blackrockmetalmaden.com\/en\/wp-json\/wp\/v2\/comments?post=16389"}],"version-history":[{"count":7,"href":"https:\/\/www.blackrockmetalmaden.com\/en\/wp-json\/wp\/v2\/pages\/16389\/revisions"}],"predecessor-version":[{"id":988010,"href":"https:\/\/www.blackrockmetalmaden.com\/en\/wp-json\/wp\/v2\/pages\/16389\/revisions\/988010"}],"wp:attachment":[{"href":"https:\/\/www.blackrockmetalmaden.com\/en\/wp-json\/wp\/v2\/media?parent=16389"}],"curies":[{"name":"wp","href":"https:\/\/api.w.org\/{rel}","templated":true}]}}