{"id":3,"date":"2025-04-03T17:34:55","date_gmt":"2025-04-03T17:34:55","guid":{"rendered":"https:\/\/macchina.vamtam.com\/?page_id=3"},"modified":"2025-04-15T15:37:30","modified_gmt":"2025-04-15T15:37:30","slug":"kisisel-verilerin-korunmasi","status":"publish","type":"page","link":"https:\/\/www.blackrockmetalmaden.com\/en\/kisisel-verilerin-korunmasi\/","title":{"rendered":"Protection of Personal Data"},"content":{"rendered":"<div data-elementor-type=\"wp-page\" data-elementor-id=\"3\" class=\"elementor elementor-3\" data-elementor-post-type=\"page\">\n\t\t\t\t\t\t<section class=\"elementor-section elementor-top-section elementor-element elementor-element-44278d1 elementor-section-boxed elementor-section-height-default elementor-section-height-default\" data-id=\"44278d1\" data-element_type=\"section\">\n\t\t\t\t\t\t<div class=\"elementor-container elementor-column-gap-no\">\n\t\t\t\t\t<div class=\"elementor-column elementor-col-100 elementor-top-column elementor-element elementor-element-ff31d07\" data-id=\"ff31d07\" data-element_type=\"column\">\n\t\t\t<div class=\"elementor-widget-wrap elementor-element-populated\">\n\t\t\t\t\t\t<div class=\"elementor-element elementor-element-f4f06e9 elementor-widget elementor-widget-spacer\" data-id=\"f4f06e9\" data-element_type=\"widget\" data-widget_type=\"spacer.default\">\n\t\t\t\t<div class=\"elementor-widget-container\">\n\t\t\t\t\t\t\t<div class=\"elementor-spacer\">\n\t\t\t<div class=\"elementor-spacer-inner\"><\/div>\n\t\t<\/div>\n\t\t\t\t\t\t<\/div>\n\t\t\t\t<\/div>\n\t\t\t\t<div class=\"elementor-element elementor-element-67d556d elementor-widget elementor-widget-heading\" data-id=\"67d556d\" data-element_type=\"widget\" data-widget_type=\"heading.default\">\n\t\t\t\t<div class=\"elementor-widget-container\">\n\t\t\t\t\t<h2 class=\"elementor-heading-title elementor-size-default\">K\u0130\u015e\u0130SEL VER\u0130LER\u0130N KORUNMASI AYDINLATMA METN\u0130<\/h2>\t\t\t\t<\/div>\n\t\t\t\t<\/div>\n\t\t\t\t<div class=\"elementor-element elementor-element-5a0beb9 elementor-widget elementor-widget-spacer\" data-id=\"5a0beb9\" data-element_type=\"widget\" data-widget_type=\"spacer.default\">\n\t\t\t\t<div class=\"elementor-widget-container\">\n\t\t\t\t\t\t\t<div class=\"elementor-spacer\">\n\t\t\t<div class=\"elementor-spacer-inner\"><\/div>\n\t\t<\/div>\n\t\t\t\t\t\t<\/div>\n\t\t\t\t<\/div>\n\t\t\t\t\t<\/div>\n\t\t<\/div>\n\t\t\t\t\t<\/div>\n\t\t<\/section>\n\t\t\t\t<section class=\"elementor-section elementor-top-section elementor-element elementor-element-581b164c elementor-section-boxed elementor-section-height-default elementor-section-height-default\" data-id=\"581b164c\" data-element_type=\"section\">\n\t\t\t\t\t\t<div class=\"elementor-container elementor-column-gap-no\">\n\t\t\t\t\t<div class=\"elementor-column elementor-col-100 elementor-top-column elementor-element elementor-element-2e484033\" data-id=\"2e484033\" data-element_type=\"column\">\n\t\t\t<div class=\"elementor-widget-wrap elementor-element-populated\">\n\t\t\t\t\t\t<div class=\"elementor-element elementor-element-36d31838 elementor-widget elementor-widget-text-editor\" data-id=\"36d31838\" data-element_type=\"widget\" data-widget_type=\"text-editor.default\">\n\t\t\t\t<div class=\"elementor-widget-container\">\n\t\t\t\t\t\t\t\t\t\n<h4 class=\"wp-block-heading\"><b>Black Rock Metal Maden Sanayi ve Ticaret A.\u015e.<\/b><\/h4>\n<p><span style=\"font-weight: 400;\">6698 say\u0131l\u0131 Ki\u015fisel Verilerin Korunmas\u0131 Kanunu (\u201cKVKK\u201d) kapsam\u0131nda, <\/span><b>Black Rock Metal Maden Sanayi ve Ticaret A.\u015e.<\/b><span style=\"font-weight: 400;\"> (\u201c\u015eirket\u201d) olarak ki\u015fisel verilerinizin g\u00fcvenli\u011fi ve gizlili\u011fine azami hassasiyet g\u00f6stermekteyiz. Bu do\u011frultuda, ki\u015fisel verilerinizi KVKK\u2019ya uygun \u015fekilde i\u015flemekte, saklamakta ve korumaktay\u0131z.<\/span><\/p>\n<h4><b>1. Veri Sorumlusu<\/b><\/h4>\n<p><span style=\"font-weight: 400;\">Veri sorumlusu s\u0131fat\u0131yla, Black Rock Metal taraf\u0131ndan toplanan ki\u015fisel verileriniz i\u015flenmektedir.<\/span><\/p>\n<h4><b>2. Ki\u015fisel Verilerin \u0130\u015flenme Ama\u00e7lar\u0131<\/b><\/h4>\n<p><span style=\"font-weight: 400;\">Ki\u015fisel verileriniz a\u015fa\u011f\u0131daki ama\u00e7larla i\u015flenmektedir:<\/span><\/p>\n<ul>\n<li style=\"font-weight: 400;\" aria-level=\"1\"><span style=\"font-weight: 400;\">\u0130leti\u015fim taleplerinizin cevaplanmas\u0131<\/span><span style=\"font-weight: 400;\"><br \/><br \/><\/span><\/li>\n<li style=\"font-weight: 400;\" aria-level=\"1\"><span style=\"font-weight: 400;\">\u00dcr\u00fcn ve hizmetlerin sunulmas\u0131<\/span><span style=\"font-weight: 400;\"><br \/><br \/><\/span><\/li>\n<li style=\"font-weight: 400;\" aria-level=\"1\"><span style=\"font-weight: 400;\">Teklif ve s\u00f6zle\u015fme s\u00fcre\u00e7lerinin y\u00fcr\u00fct\u00fclmesi<\/span><span style=\"font-weight: 400;\"><br \/><br \/><\/span><\/li>\n<li style=\"font-weight: 400;\" aria-level=\"1\"><span style=\"font-weight: 400;\">Lojistik, faturalama ve m\u00fc\u015fteri destek i\u015flemlerinin ger\u00e7ekle\u015ftirilmesi<\/span><span style=\"font-weight: 400;\"><br \/><br \/><\/span><\/li>\n<li style=\"font-weight: 400;\" aria-level=\"1\"><span style=\"font-weight: 400;\">\u0130\u015f ba\u015fvurular\u0131n\u0131n de\u011ferlendirilmesi<\/span><span style=\"font-weight: 400;\"><br \/><br \/><\/span><\/li>\n<li style=\"font-weight: 400;\" aria-level=\"1\"><span style=\"font-weight: 400;\">Web sitesi trafi\u011finin analiz edilmesi ve g\u00fcvenli\u011finin sa\u011flanmas\u0131<\/span><span style=\"font-weight: 400;\"><br \/><br \/><\/span><\/li>\n<\/ul>\n<h4><b>3. Toplanan Ki\u015fisel Veriler<\/b><\/h4>\n<p><span style=\"font-weight: 400;\">Ad-soyad, e-posta adresi, telefon numaras\u0131, firma bilgileri, IP adresi, \u00e7erez kay\u0131tlar\u0131 ve taraf\u0131n\u0131zca sunulan di\u011fer ileti\u015fim bilgileri gibi ki\u015fisel veriler toplanabilir.<\/span><\/p>\n<h4><b>4. Ki\u015fisel Verilerin Aktar\u0131m\u0131<\/b><\/h4>\n<p><span style=\"font-weight: 400;\">Ki\u015fisel verileriniz, KVKK\u2019n\u0131n 8. ve 9. maddelerine uygun olarak;<\/span><\/p>\n<ul>\n<li style=\"font-weight: 400;\" aria-level=\"1\"><span style=\"font-weight: 400;\">Yasal y\u00fck\u00fcml\u00fcl\u00fckler \u00e7er\u00e7evesinde yetkili kamu kurum ve kurulu\u015flar\u0131yla,<\/span><span style=\"font-weight: 400;\"><br \/><br \/><\/span><\/li>\n<li style=\"font-weight: 400;\" aria-level=\"1\"><span style=\"font-weight: 400;\">Tedarik\u00e7iler ve i\u015f ortaklar\u0131m\u0131zla,<\/span><span style=\"font-weight: 400;\"><br \/><br \/><\/span><\/li>\n<li style=\"font-weight: 400;\" aria-level=\"1\"><span style=\"font-weight: 400;\">Hukuki y\u00fck\u00fcml\u00fcl\u00fcklerimizi yerine getirmemizi sa\u011flayan \u00fc\u00e7\u00fcnc\u00fc taraflarla payla\u015f\u0131labilir.<\/span><span style=\"font-weight: 400;\"><br \/><br \/><\/span><\/li>\n<\/ul>\n<h4><b>5. Ki\u015fisel Veri Toplaman\u0131n Y\u00f6ntemi ve Hukuki Sebebi<\/b><\/h4>\n<p><span style=\"font-weight: 400;\">Ki\u015fisel verileriniz; web sitemiz, e-posta, telefon, ileti\u015fim formlar\u0131, teklif ve s\u00f6zle\u015fme s\u00fcre\u00e7leri arac\u0131l\u0131\u011f\u0131yla otomatik veya otomatik olmayan yollarla toplanmaktad\u0131r. Veriler, a\u00e7\u0131k r\u0131za, s\u00f6zle\u015fmenin kurulmas\u0131 ve kanuni y\u00fck\u00fcml\u00fcl\u00fcklerin yerine getirilmesi hukuki sebeplerine dayanarak i\u015flenmektedir.<\/span><\/p>\n<h4><b>6. KVKK Kapsam\u0131ndaki Haklar\u0131n\u0131z<\/b><\/h4>\n<p><span style=\"font-weight: 400;\">KVKK\u2019n\u0131n 11. maddesi gere\u011fince;<\/span><\/p>\n<ul>\n<li style=\"font-weight: 400;\" aria-level=\"1\"><span style=\"font-weight: 400;\">Ki\u015fisel verinizin i\u015flenip i\u015flenmedi\u011fini \u00f6\u011frenme,<\/span><span style=\"font-weight: 400;\"><br \/><br \/><\/span><\/li>\n<li style=\"font-weight: 400;\" aria-level=\"1\"><span style=\"font-weight: 400;\">\u0130\u015flenmi\u015fse bilgi talep etme,<\/span><span style=\"font-weight: 400;\"><br \/><br \/><\/span><\/li>\n<li style=\"font-weight: 400;\" aria-level=\"1\"><span style=\"font-weight: 400;\">Amac\u0131na uygun kullan\u0131l\u0131p kullan\u0131lmad\u0131\u011f\u0131n\u0131 \u00f6\u011frenme,<\/span><span style=\"font-weight: 400;\"><br \/><br \/><\/span><\/li>\n<li style=\"font-weight: 400;\" aria-level=\"1\"><span style=\"font-weight: 400;\">Aktar\u0131ld\u0131\u011f\u0131 \u00fc\u00e7\u00fcnc\u00fc ki\u015fileri bilme,<\/span><span style=\"font-weight: 400;\"><br \/><br \/><\/span><\/li>\n<li style=\"font-weight: 400;\" aria-level=\"1\"><span style=\"font-weight: 400;\">Verilerin eksik ya da yanl\u0131\u015f i\u015flenmi\u015fse d\u00fczeltilmesini isteme,<\/span><span style=\"font-weight: 400;\"><br \/><br \/><\/span><\/li>\n<li style=\"font-weight: 400;\" aria-level=\"1\"><span style=\"font-weight: 400;\">KVKK\u2019ya ayk\u0131r\u0131 i\u015flenmi\u015fse silinmesini veya yok edilmesini talep etme,<\/span><span style=\"font-weight: 400;\"><br \/><br \/><\/span><\/li>\n<li style=\"font-weight: 400;\" aria-level=\"1\"><span style=\"font-weight: 400;\">\u0130\u015flemlerin \u00fc\u00e7\u00fcnc\u00fc ki\u015filere bildirilmesini isteme,<\/span><span style=\"font-weight: 400;\"><br \/><br \/><\/span><\/li>\n<li style=\"font-weight: 400;\" aria-level=\"1\"><span style=\"font-weight: 400;\">\u0130\u015flenen verilerin m\u00fcnhas\u0131ran otomatik sistemler arac\u0131l\u0131\u011f\u0131yla analiz edilmesiyle aleyhinize bir sonucun ortaya \u00e7\u0131kmas\u0131na itiraz etme,<\/span><span style=\"font-weight: 400;\"><br \/><br \/><\/span><\/li>\n<\/ul>\n<h6><span style=\"font-weight: 400;\">Taleplerinizi <\/span><a href=\"mailto:info@blackrockmetal.com\"><b>info@blackrockmetal.com<\/b><\/a><span style=\"font-weight: 400;\"> e-posta adresi \u00fczerinden iletebilirsiniz<\/span><\/h6>\n\t\t\t\t\t\t\t\t<\/div>\n\t\t\t\t<\/div>\n\t\t\t\t\t<\/div>\n\t\t<\/div>\n\t\t\t\t\t<\/div>\n\t\t<\/section>\n\t\t\t\t<\/div>","protected":false},"excerpt":{"rendered":"<p>K\u0130\u015e\u0130SEL VER\u0130LER\u0130N KORUNMASI AYDINLATMA METN\u0130 Black Rock Metal Maden Sanayi ve Ticaret A.\u015e. 6698 say\u0131l\u0131 Ki\u015fisel Verilerin Korunmas\u0131 Kanunu (\u201cKVKK\u201d) kapsam\u0131nda, Black Rock Metal Maden Sanayi ve Ticaret A.\u015e. (\u201c\u015eirket\u201d) olarak ki\u015fisel verilerinizin g\u00fcvenli\u011fi ve gizlili\u011fine azami hassasiyet g\u00f6stermekteyiz. Bu do\u011frultuda, ki\u015fisel verilerinizi KVKK\u2019ya uygun \u015fekilde i\u015flemekte, saklamakta ve korumaktay\u0131z. 1. Veri Sorumlusu Veri sorumlusu&#8230;<\/p>","protected":false},"author":1,"featured_media":0,"parent":0,"menu_order":0,"comment_status":"closed","ping_status":"closed","template":"","meta":{"footnotes":""},"class_list":["post-3","page","type-page","status-publish","hentry"],"_links":{"self":[{"href":"https:\/\/www.blackrockmetalmaden.com\/en\/wp-json\/wp\/v2\/pages\/3","targetHints":{"allow":["GET"]}}],"collection":[{"href":"https:\/\/www.blackrockmetalmaden.com\/en\/wp-json\/wp\/v2\/pages"}],"about":[{"href":"https:\/\/www.blackrockmetalmaden.com\/en\/wp-json\/wp\/v2\/types\/page"}],"author":[{"embeddable":true,"href":"https:\/\/www.blackrockmetalmaden.com\/en\/wp-json\/wp\/v2\/users\/1"}],"replies":[{"embeddable":true,"href":"https:\/\/www.blackrockmetalmaden.com\/en\/wp-json\/wp\/v2\/comments?post=3"}],"version-history":[{"count":8,"href":"https:\/\/www.blackrockmetalmaden.com\/en\/wp-json\/wp\/v2\/pages\/3\/revisions"}],"predecessor-version":[{"id":987989,"href":"https:\/\/www.blackrockmetalmaden.com\/en\/wp-json\/wp\/v2\/pages\/3\/revisions\/987989"}],"wp:attachment":[{"href":"https:\/\/www.blackrockmetalmaden.com\/en\/wp-json\/wp\/v2\/media?parent=3"}],"curies":[{"name":"wp","href":"https:\/\/api.w.org\/{rel}","templated":true}]}}