{"id":987785,"date":"2025-04-15T00:45:34","date_gmt":"2025-04-15T00:45:34","guid":{"rendered":"https:\/\/www.black.mawajans.com\/?page_id=987785"},"modified":"2025-04-17T20:19:12","modified_gmt":"2025-04-17T17:19:12","slug":"faaliyetlerimiz","status":"publish","type":"page","link":"https:\/\/www.blackrockmetalmaden.com\/en\/faaliyetlerimiz\/","title":{"rendered":"Our Activities"},"content":{"rendered":"<div data-elementor-type=\"wp-page\" data-elementor-id=\"987785\" class=\"elementor elementor-987785\" data-elementor-post-type=\"page\">\n\t\t\t\t\t\t<section class=\"elementor-section elementor-top-section elementor-element elementor-element-6e056f35 elementor-section-full_width elementor-section-height-default elementor-section-height-default\" data-id=\"6e056f35\" data-element_type=\"section\">\n\t\t\t\t\t\t<div class=\"elementor-container elementor-column-gap-no\">\n\t\t\t\t\t<div class=\"elementor-column elementor-col-50 elementor-top-column elementor-element elementor-element-2c2b62d0 elementor-hidden-phone\" data-id=\"2c2b62d0\" data-element_type=\"column\">\n\t\t\t<div class=\"elementor-widget-wrap\">\n\t\t\t\t\t\t\t<\/div>\n\t\t<\/div>\n\t\t\t\t<div class=\"elementor-column elementor-col-50 elementor-top-column elementor-element elementor-element-17550a50\" data-id=\"17550a50\" data-element_type=\"column\" data-settings=\"{&quot;background_background&quot;:&quot;classic&quot;}\">\n\t\t\t<div class=\"elementor-widget-wrap elementor-element-populated\">\n\t\t\t\t\t\t<div class=\"elementor-element elementor-element-24bcb465 elementor-widget elementor-widget-spacer\" data-id=\"24bcb465\" data-element_type=\"widget\" data-widget_type=\"spacer.default\">\n\t\t\t\t<div class=\"elementor-widget-container\">\n\t\t\t\t\t\t\t<div class=\"elementor-spacer\">\n\t\t\t<div class=\"elementor-spacer-inner\"><\/div>\n\t\t<\/div>\n\t\t\t\t\t\t<\/div>\n\t\t\t\t<\/div>\n\t\t\t\t\t<\/div>\n\t\t<\/div>\n\t\t\t\t\t<\/div>\n\t\t<\/section>\n\t\t\t\t<section class=\"elementor-section elementor-top-section elementor-element elementor-element-646710c3 elementor-section-height-min-height elementor-section-items-bottom elementor-section-content-bottom elementor-section-boxed elementor-section-height-default\" data-id=\"646710c3\" data-element_type=\"section\">\n\t\t\t\t\t\t<div class=\"elementor-container elementor-column-gap-no\">\n\t\t\t\t\t<div class=\"elementor-column elementor-col-50 elementor-top-column elementor-element elementor-element-14759be5\" data-id=\"14759be5\" data-element_type=\"column\" data-settings=\"{&quot;background_background&quot;:&quot;classic&quot;}\">\n\t\t\t<div class=\"elementor-widget-wrap elementor-element-populated\">\n\t\t\t\t\t\t<div class=\"elementor-element elementor-element-14c0189a elementor-invisible elementor-widget elementor-widget-heading\" data-id=\"14c0189a\" data-element_type=\"widget\" data-settings=\"{&quot;_animation&quot;:&quot;fadeInUp&quot;,&quot;_animation_tablet&quot;:&quot;none&quot;,&quot;_animation_mobile&quot;:&quot;none&quot;}\" data-widget_type=\"heading.default\">\n\t\t\t\t<div class=\"elementor-widget-container\">\n\t\t\t\t\t<h6 class=\"elementor-heading-title elementor-size-default\">BLACKROCK METAL MINING<\/h6>\t\t\t\t<\/div>\n\t\t\t\t<\/div>\n\t\t\t\t<div class=\"elementor-element elementor-element-6656e136 elementor-invisible elementor-widget elementor-widget-heading\" data-id=\"6656e136\" data-element_type=\"widget\" data-settings=\"{&quot;_animation&quot;:&quot;fadeIn&quot;,&quot;_animation_delay&quot;:200}\" data-widget_type=\"heading.default\">\n\t\t\t\t<div class=\"elementor-widget-container\">\n\t\t\t\t\t<h1 class=\"elementor-heading-title elementor-size-default\">OUR ACTIVITIES<\/h1>\t\t\t\t<\/div>\n\t\t\t\t<\/div>\n\t\t\t\t\t<\/div>\n\t\t<\/div>\n\t\t\t\t<div class=\"elementor-column elementor-col-50 elementor-top-column elementor-element elementor-element-42c581d7 elementor-hidden-phone\" data-id=\"42c581d7\" data-element_type=\"column\">\n\t\t\t<div class=\"elementor-widget-wrap\">\n\t\t\t\t\t\t\t<\/div>\n\t\t<\/div>\n\t\t\t\t\t<\/div>\n\t\t<\/section>\n\t\t\t\t<section class=\"elementor-section elementor-top-section elementor-element elementor-element-8b37e53 animated-slow elementor-section-boxed elementor-section-height-default elementor-section-height-default\" data-id=\"8b37e53\" data-element_type=\"section\" data-settings=\"{&quot;animation&quot;:&quot;none&quot;}\">\n\t\t\t\t\t\t<div class=\"elementor-container elementor-column-gap-no\">\n\t\t\t\t\t<div class=\"elementor-column elementor-col-66 elementor-top-column elementor-element elementor-element-10eb4fe\" data-id=\"10eb4fe\" data-element_type=\"column\">\n\t\t\t<div class=\"elementor-widget-wrap elementor-element-populated\">\n\t\t\t\t\t\t<div class=\"vamtam-has-theme-widget-styles elementor-element elementor-element-4900d7a elementor-widget elementor-widget-image\" data-id=\"4900d7a\" data-element_type=\"widget\" data-settings=\"{&quot;_animation&quot;:&quot;none&quot;,&quot;_animation_tablet&quot;:&quot;none&quot;,&quot;_animation_mobile&quot;:&quot;none&quot;,&quot;_animation_delay&quot;:300}\" data-widget_type=\"image.default\">\n\t\t\t\t<div class=\"elementor-widget-container\">\n\t\t\t\t\t\t\t\t\t<div class=\"elementor-image\">\n\t\t\t\t\t\t\t\t\t\t\t\t\t\t\t\t\t\t\t\t\t<img fetchpriority=\"high\" decoding=\"async\" width=\"1542\" height=\"1024\" src=\"https:\/\/www.blackrockmetalmaden.com\/wp-content\/uploads\/2025\/04\/Emtia-Ticareti-.jpg\" class=\"attachment-full size-full wp-image-987732\" alt=\"\" srcset=\"https:\/\/www.blackrockmetalmaden.com\/wp-content\/uploads\/2025\/04\/Emtia-Ticareti-.jpg 1542w, https:\/\/www.blackrockmetalmaden.com\/wp-content\/uploads\/2025\/04\/Emtia-Ticareti--300x199.jpg 300w, https:\/\/www.blackrockmetalmaden.com\/wp-content\/uploads\/2025\/04\/Emtia-Ticareti--1024x680.jpg 1024w, https:\/\/www.blackrockmetalmaden.com\/wp-content\/uploads\/2025\/04\/Emtia-Ticareti--768x510.jpg 768w, https:\/\/www.blackrockmetalmaden.com\/wp-content\/uploads\/2025\/04\/Emtia-Ticareti--1536x1020.jpg 1536w\" sizes=\"(max-width: 1542px) 100vw, 1542px\" \/>\t\t\t\t\t\t\t\t\t\t\t\t\t\t\t\t\t\t\t\t\t\t\t\t<\/div>\n\t\t\t\t\t\t\t\t<\/div>\n\t\t\t\t<\/div>\n\t\t\t\t\t<\/div>\n\t\t<\/div>\n\t\t\t\t<div class=\"elementor-column elementor-col-33 elementor-top-column elementor-element elementor-element-402a923\" data-id=\"402a923\" data-element_type=\"column\">\n\t\t\t<div class=\"elementor-widget-wrap elementor-element-populated\">\n\t\t\t\t\t\t<div class=\"elementor-element elementor-element-3c52057 elementor-widget__width-initial elementor-invisible elementor-widget elementor-widget-heading\" data-id=\"3c52057\" data-element_type=\"widget\" data-settings=\"{&quot;_animation&quot;:&quot;fadeIn&quot;,&quot;_animation_tablet&quot;:&quot;none&quot;,&quot;_animation_mobile&quot;:&quot;none&quot;}\" data-widget_type=\"heading.default\">\n\t\t\t\t<div class=\"elementor-widget-container\">\n\t\t\t\t\t<h2 class=\"elementor-heading-title elementor-size-default\">COMMODITY TRADING<\/h2>\t\t\t\t<\/div>\n\t\t\t\t<\/div>\n\t\t\t\t<div class=\"elementor-element elementor-element-aab7dea elementor-widget elementor-widget-text-editor\" data-id=\"aab7dea\" data-element_type=\"widget\" data-widget_type=\"text-editor.default\">\n\t\t\t\t<div class=\"elementor-widget-container\">\n\t\t\t\t\t\t\t\t\tBlackRock Metal Mining is a metallurgical trading company located in Istanbul, one of the world's central and continuously developing logistics and finance centers. We are committed to supplying raw materials and metallurgical resources to leading organizations worldwide in an efficient and responsible manner.\n<br><br>\nWith a deep understanding of ferrous and non-ferrous metallurgical products, we strive to simplify both sourcing and logistics and provide a seamless experience for our customers.<br><br>\nWith a deep understanding of ferrous and non-ferrous metallurgical products, we strive to simplify both sourcing and logistics and provide a seamless experience for our customers.\t\t\t\t\t\t\t\t<\/div>\n\t\t\t\t<\/div>\n\t\t\t\t\t<\/div>\n\t\t<\/div>\n\t\t\t\t\t<\/div>\n\t\t<\/section>\n\t\t\t\t<section class=\"elementor-section elementor-top-section elementor-element elementor-element-1924cea animated-slow elementor-section-boxed elementor-section-height-default elementor-section-height-default\" data-id=\"1924cea\" data-element_type=\"section\" data-settings=\"{&quot;animation&quot;:&quot;none&quot;}\">\n\t\t\t\t\t\t<div class=\"elementor-container elementor-column-gap-no\">\n\t\t\t\t\t<div class=\"elementor-column elementor-col-33 elementor-top-column elementor-element elementor-element-110c9e0\" data-id=\"110c9e0\" data-element_type=\"column\">\n\t\t\t<div class=\"elementor-widget-wrap elementor-element-populated\">\n\t\t\t\t\t\t<div class=\"elementor-element elementor-element-5e7d59d elementor-widget__width-initial elementor-invisible elementor-widget elementor-widget-heading\" data-id=\"5e7d59d\" data-element_type=\"widget\" data-settings=\"{&quot;_animation&quot;:&quot;fadeIn&quot;,&quot;_animation_tablet&quot;:&quot;none&quot;,&quot;_animation_mobile&quot;:&quot;none&quot;}\" data-widget_type=\"heading.default\">\n\t\t\t\t<div class=\"elementor-widget-container\">\n\t\t\t\t\t<h2 class=\"elementor-heading-title elementor-size-default\">Supply Chain and Logistics Management<\/h2>\t\t\t\t<\/div>\n\t\t\t\t<\/div>\n\t\t\t\t<div class=\"elementor-element elementor-element-7d2dd86 elementor-widget elementor-widget-text-editor\" data-id=\"7d2dd86\" data-element_type=\"widget\" data-widget_type=\"text-editor.default\">\n\t\t\t\t<div class=\"elementor-widget-container\">\n\t\t\t\t\t\t\t\t\tIn commodity trade, we provide effective supply chain and logistics management services from the procurement of raw materials to their delivery to the end user. We aim to increase operational efficiency by developing customized solutions for our customers' needs.\t\t\t\t\t\t\t\t<\/div>\n\t\t\t\t<\/div>\n\t\t\t\t\t<\/div>\n\t\t<\/div>\n\t\t\t\t<div class=\"elementor-column elementor-col-66 elementor-top-column elementor-element elementor-element-b48986b\" data-id=\"b48986b\" data-element_type=\"column\">\n\t\t\t<div class=\"elementor-widget-wrap elementor-element-populated\">\n\t\t\t\t\t\t<div class=\"vamtam-has-theme-widget-styles elementor-element elementor-element-a4f13a1 elementor-widget elementor-widget-image\" data-id=\"a4f13a1\" data-element_type=\"widget\" data-settings=\"{&quot;_animation&quot;:&quot;none&quot;,&quot;_animation_tablet&quot;:&quot;none&quot;,&quot;_animation_mobile&quot;:&quot;none&quot;,&quot;_animation_delay&quot;:300}\" data-widget_type=\"image.default\">\n\t\t\t\t<div class=\"elementor-widget-container\">\n\t\t\t\t\t\t\t\t\t<div class=\"elementor-image\">\n\t\t\t\t\t\t\t\t\t\t\t\t\t\t\t\t\t\t\t\t\t<img decoding=\"async\" width=\"1542\" height=\"1024\" src=\"https:\/\/www.blackrockmetalmaden.com\/wp-content\/uploads\/2025\/04\/Tedarik-Zinciri-ve-Lojistik-Yonetimi-.jpg\" class=\"attachment-full size-full wp-image-987735\" alt=\"\" srcset=\"https:\/\/www.blackrockmetalmaden.com\/wp-content\/uploads\/2025\/04\/Tedarik-Zinciri-ve-Lojistik-Yonetimi-.jpg 1542w, https:\/\/www.blackrockmetalmaden.com\/wp-content\/uploads\/2025\/04\/Tedarik-Zinciri-ve-Lojistik-Yonetimi--300x199.jpg 300w, https:\/\/www.blackrockmetalmaden.com\/wp-content\/uploads\/2025\/04\/Tedarik-Zinciri-ve-Lojistik-Yonetimi--1024x680.jpg 1024w, https:\/\/www.blackrockmetalmaden.com\/wp-content\/uploads\/2025\/04\/Tedarik-Zinciri-ve-Lojistik-Yonetimi--768x510.jpg 768w, https:\/\/www.blackrockmetalmaden.com\/wp-content\/uploads\/2025\/04\/Tedarik-Zinciri-ve-Lojistik-Yonetimi--1536x1020.jpg 1536w\" sizes=\"(max-width: 1542px) 100vw, 1542px\" \/>\t\t\t\t\t\t\t\t\t\t\t\t\t\t\t\t\t\t\t\t\t\t\t\t<\/div>\n\t\t\t\t\t\t\t\t<\/div>\n\t\t\t\t<\/div>\n\t\t\t\t\t<\/div>\n\t\t<\/div>\n\t\t\t\t\t<\/div>\n\t\t<\/section>\n\t\t\t\t<section class=\"elementor-section elementor-top-section elementor-element elementor-element-f868585 animated-slow elementor-section-boxed elementor-section-height-default elementor-section-height-default\" data-id=\"f868585\" data-element_type=\"section\" data-settings=\"{&quot;animation&quot;:&quot;none&quot;}\">\n\t\t\t\t\t\t<div class=\"elementor-container elementor-column-gap-no\">\n\t\t\t\t\t<div class=\"elementor-column elementor-col-66 elementor-top-column elementor-element elementor-element-2499ef4\" data-id=\"2499ef4\" data-element_type=\"column\">\n\t\t\t<div class=\"elementor-widget-wrap elementor-element-populated\">\n\t\t\t\t\t\t<div class=\"vamtam-has-theme-widget-styles elementor-element elementor-element-bf31d31 elementor-widget elementor-widget-image\" data-id=\"bf31d31\" data-element_type=\"widget\" data-settings=\"{&quot;_animation&quot;:&quot;none&quot;,&quot;_animation_tablet&quot;:&quot;none&quot;,&quot;_animation_mobile&quot;:&quot;none&quot;,&quot;_animation_delay&quot;:300}\" data-widget_type=\"image.default\">\n\t\t\t\t<div class=\"elementor-widget-container\">\n\t\t\t\t\t\t\t\t\t<div class=\"elementor-image\">\n\t\t\t\t\t\t\t\t\t\t\t\t\t\t\t\t\t\t\t\t\t<img decoding=\"async\" width=\"1542\" height=\"1024\" src=\"https:\/\/www.blackrockmetalmaden.com\/wp-content\/uploads\/2025\/04\/Fiyatlandirma-ve-Sozlesme-Muzakereleri-.jpg\" class=\"attachment-full size-full wp-image-987733\" alt=\"\" srcset=\"https:\/\/www.blackrockmetalmaden.com\/wp-content\/uploads\/2025\/04\/Fiyatlandirma-ve-Sozlesme-Muzakereleri-.jpg 1542w, https:\/\/www.blackrockmetalmaden.com\/wp-content\/uploads\/2025\/04\/Fiyatlandirma-ve-Sozlesme-Muzakereleri--300x199.jpg 300w, https:\/\/www.blackrockmetalmaden.com\/wp-content\/uploads\/2025\/04\/Fiyatlandirma-ve-Sozlesme-Muzakereleri--1024x680.jpg 1024w, https:\/\/www.blackrockmetalmaden.com\/wp-content\/uploads\/2025\/04\/Fiyatlandirma-ve-Sozlesme-Muzakereleri--768x510.jpg 768w, https:\/\/www.blackrockmetalmaden.com\/wp-content\/uploads\/2025\/04\/Fiyatlandirma-ve-Sozlesme-Muzakereleri--1536x1020.jpg 1536w\" sizes=\"(max-width: 1542px) 100vw, 1542px\" \/>\t\t\t\t\t\t\t\t\t\t\t\t\t\t\t\t\t\t\t\t\t\t\t\t<\/div>\n\t\t\t\t\t\t\t\t<\/div>\n\t\t\t\t<\/div>\n\t\t\t\t\t<\/div>\n\t\t<\/div>\n\t\t\t\t<div class=\"elementor-column elementor-col-33 elementor-top-column elementor-element elementor-element-9f83f72\" data-id=\"9f83f72\" data-element_type=\"column\">\n\t\t\t<div class=\"elementor-widget-wrap elementor-element-populated\">\n\t\t\t\t\t\t<div class=\"elementor-element elementor-element-976bc7e elementor-widget__width-initial elementor-invisible elementor-widget elementor-widget-heading\" data-id=\"976bc7e\" data-element_type=\"widget\" data-settings=\"{&quot;_animation&quot;:&quot;fadeIn&quot;,&quot;_animation_tablet&quot;:&quot;none&quot;,&quot;_animation_mobile&quot;:&quot;none&quot;}\" data-widget_type=\"heading.default\">\n\t\t\t\t<div class=\"elementor-widget-container\">\n\t\t\t\t\t<h2 class=\"elementor-heading-title elementor-size-default\">PRICING AND CONTRACT NEGOTIATIONS<\/h2>\t\t\t\t<\/div>\n\t\t\t\t<\/div>\n\t\t\t\t<div class=\"elementor-element elementor-element-1345a03 elementor-widget elementor-widget-text-editor\" data-id=\"1345a03\" data-element_type=\"widget\" data-widget_type=\"text-editor.default\">\n\t\t\t\t<div class=\"elementor-widget-container\">\n\t\t\t\t\t\t\t\t\tWith our team that is well-versed in market dynamics, we offer our customers the most appropriate pricing strategies and support them in contract negotiations. Aiming to create a fair and transparent trading environment, we help make profitable deals for all parties.\t\t\t\t\t\t\t\t<\/div>\n\t\t\t\t<\/div>\n\t\t\t\t\t<\/div>\n\t\t<\/div>\n\t\t\t\t\t<\/div>\n\t\t<\/section>\n\t\t\t\t<section class=\"elementor-section elementor-top-section elementor-element elementor-element-25b4c50 animated-slow elementor-section-boxed elementor-section-height-default elementor-section-height-default\" data-id=\"25b4c50\" data-element_type=\"section\" data-settings=\"{&quot;animation&quot;:&quot;none&quot;}\">\n\t\t\t\t\t\t<div class=\"elementor-container elementor-column-gap-no\">\n\t\t\t\t\t<div class=\"elementor-column elementor-col-33 elementor-top-column elementor-element elementor-element-b304824\" data-id=\"b304824\" data-element_type=\"column\">\n\t\t\t<div class=\"elementor-widget-wrap elementor-element-populated\">\n\t\t\t\t\t\t<div class=\"elementor-element elementor-element-cd9a883 elementor-widget__width-initial elementor-invisible elementor-widget elementor-widget-heading\" data-id=\"cd9a883\" data-element_type=\"widget\" data-settings=\"{&quot;_animation&quot;:&quot;fadeIn&quot;,&quot;_animation_tablet&quot;:&quot;none&quot;,&quot;_animation_mobile&quot;:&quot;none&quot;}\" data-widget_type=\"heading.default\">\n\t\t\t\t<div class=\"elementor-widget-container\">\n\t\t\t\t\t<h2 class=\"elementor-heading-title elementor-size-default\">LONG-TERM BUSINESS PARTNERSHIPS<\/h2>\t\t\t\t<\/div>\n\t\t\t\t<\/div>\n\t\t\t\t<div class=\"elementor-element elementor-element-438ca67 elementor-widget elementor-widget-text-editor\" data-id=\"438ca67\" data-element_type=\"widget\" data-widget_type=\"text-editor.default\">\n\t\t\t\t<div class=\"elementor-widget-container\">\n\t\t\t\t\t\t\t\t\tBy prioritizing customer satisfaction, we aim to establish long-term and trust-based relationships with our business partners. With continuous support and cooperation, we focus on mutual growth and success.\t\t\t\t\t\t\t\t<\/div>\n\t\t\t\t<\/div>\n\t\t\t\t\t<\/div>\n\t\t<\/div>\n\t\t\t\t<div class=\"elementor-column elementor-col-66 elementor-top-column elementor-element elementor-element-f46bea2\" data-id=\"f46bea2\" data-element_type=\"column\">\n\t\t\t<div class=\"elementor-widget-wrap elementor-element-populated\">\n\t\t\t\t\t\t<div class=\"vamtam-has-theme-widget-styles elementor-element elementor-element-626dfb6 elementor-widget elementor-widget-image\" data-id=\"626dfb6\" data-element_type=\"widget\" data-settings=\"{&quot;_animation&quot;:&quot;none&quot;,&quot;_animation_tablet&quot;:&quot;none&quot;,&quot;_animation_mobile&quot;:&quot;none&quot;,&quot;_animation_delay&quot;:300}\" data-widget_type=\"image.default\">\n\t\t\t\t<div class=\"elementor-widget-container\">\n\t\t\t\t\t\t\t\t\t<div class=\"elementor-image\">\n\t\t\t\t\t\t\t\t\t\t\t\t\t\t\t\t\t\t\t\t\t<img loading=\"lazy\" decoding=\"async\" width=\"1542\" height=\"1024\" src=\"https:\/\/www.blackrockmetalmaden.com\/wp-content\/uploads\/2025\/04\/Uzun-Vadeli-Is-Ortakliklari-.jpg\" class=\"attachment-full size-full wp-image-987736\" alt=\"\" srcset=\"https:\/\/www.blackrockmetalmaden.com\/wp-content\/uploads\/2025\/04\/Uzun-Vadeli-Is-Ortakliklari-.jpg 1542w, https:\/\/www.blackrockmetalmaden.com\/wp-content\/uploads\/2025\/04\/Uzun-Vadeli-Is-Ortakliklari--300x199.jpg 300w, https:\/\/www.blackrockmetalmaden.com\/wp-content\/uploads\/2025\/04\/Uzun-Vadeli-Is-Ortakliklari--1024x680.jpg 1024w, https:\/\/www.blackrockmetalmaden.com\/wp-content\/uploads\/2025\/04\/Uzun-Vadeli-Is-Ortakliklari--768x510.jpg 768w, https:\/\/www.blackrockmetalmaden.com\/wp-content\/uploads\/2025\/04\/Uzun-Vadeli-Is-Ortakliklari--1536x1020.jpg 1536w\" sizes=\"(max-width: 1542px) 100vw, 1542px\" \/>\t\t\t\t\t\t\t\t\t\t\t\t\t\t\t\t\t\t\t\t\t\t\t\t<\/div>\n\t\t\t\t\t\t\t\t<\/div>\n\t\t\t\t<\/div>\n\t\t\t\t\t<\/div>\n\t\t<\/div>\n\t\t\t\t\t<\/div>\n\t\t<\/section>\n\t\t\t\t<section class=\"elementor-section elementor-top-section elementor-element elementor-element-78be984 animated-slow elementor-section-boxed elementor-section-height-default elementor-section-height-default\" data-id=\"78be984\" data-element_type=\"section\" data-settings=\"{&quot;animation&quot;:&quot;none&quot;}\">\n\t\t\t\t\t\t<div class=\"elementor-container elementor-column-gap-no\">\n\t\t\t\t\t<div class=\"elementor-column elementor-col-66 elementor-top-column elementor-element elementor-element-b2a74a6\" data-id=\"b2a74a6\" data-element_type=\"column\">\n\t\t\t<div class=\"elementor-widget-wrap elementor-element-populated\">\n\t\t\t\t\t\t<div class=\"vamtam-has-theme-widget-styles elementor-element elementor-element-82dffac elementor-widget elementor-widget-image\" data-id=\"82dffac\" data-element_type=\"widget\" data-settings=\"{&quot;_animation&quot;:&quot;none&quot;,&quot;_animation_tablet&quot;:&quot;none&quot;,&quot;_animation_mobile&quot;:&quot;none&quot;,&quot;_animation_delay&quot;:300}\" data-widget_type=\"image.default\">\n\t\t\t\t<div class=\"elementor-widget-container\">\n\t\t\t\t\t\t\t\t\t<div class=\"elementor-image\">\n\t\t\t\t\t\t\t\t\t\t\t\t\t\t\t\t\t\t\t\t\t<img loading=\"lazy\" decoding=\"async\" width=\"1542\" height=\"1024\" src=\"https:\/\/www.blackrockmetalmaden.com\/wp-content\/uploads\/2025\/04\/Surdurulebilirlik-ve-Cevresel-Duyarlilik-.jpg\" class=\"attachment-full size-full wp-image-987734\" alt=\"\" srcset=\"https:\/\/www.blackrockmetalmaden.com\/wp-content\/uploads\/2025\/04\/Surdurulebilirlik-ve-Cevresel-Duyarlilik-.jpg 1542w, https:\/\/www.blackrockmetalmaden.com\/wp-content\/uploads\/2025\/04\/Surdurulebilirlik-ve-Cevresel-Duyarlilik--300x199.jpg 300w, https:\/\/www.blackrockmetalmaden.com\/wp-content\/uploads\/2025\/04\/Surdurulebilirlik-ve-Cevresel-Duyarlilik--1024x680.jpg 1024w, https:\/\/www.blackrockmetalmaden.com\/wp-content\/uploads\/2025\/04\/Surdurulebilirlik-ve-Cevresel-Duyarlilik--768x510.jpg 768w, https:\/\/www.blackrockmetalmaden.com\/wp-content\/uploads\/2025\/04\/Surdurulebilirlik-ve-Cevresel-Duyarlilik--1536x1020.jpg 1536w\" sizes=\"(max-width: 1542px) 100vw, 1542px\" \/>\t\t\t\t\t\t\t\t\t\t\t\t\t\t\t\t\t\t\t\t\t\t\t\t<\/div>\n\t\t\t\t\t\t\t\t<\/div>\n\t\t\t\t<\/div>\n\t\t\t\t\t<\/div>\n\t\t<\/div>\n\t\t\t\t<div class=\"elementor-column elementor-col-33 elementor-top-column elementor-element elementor-element-a4acbad\" data-id=\"a4acbad\" data-element_type=\"column\">\n\t\t\t<div class=\"elementor-widget-wrap elementor-element-populated\">\n\t\t\t\t\t\t<div class=\"elementor-element elementor-element-d10acc1 elementor-widget__width-initial elementor-invisible elementor-widget elementor-widget-heading\" data-id=\"d10acc1\" data-element_type=\"widget\" data-settings=\"{&quot;_animation&quot;:&quot;fadeIn&quot;,&quot;_animation_tablet&quot;:&quot;none&quot;,&quot;_animation_mobile&quot;:&quot;none&quot;}\" data-widget_type=\"heading.default\">\n\t\t\t\t<div class=\"elementor-widget-container\">\n\t\t\t\t\t<h2 class=\"elementor-heading-title elementor-size-default\">SUSTAINABILITY AND ENVIRONMENTAL AWARENESS<\/h2>\t\t\t\t<\/div>\n\t\t\t\t<\/div>\n\t\t\t\t<div class=\"elementor-element elementor-element-5706d64 elementor-widget elementor-widget-text-editor\" data-id=\"5706d64\" data-element_type=\"widget\" data-widget_type=\"text-editor.default\">\n\t\t\t\t<div class=\"elementor-widget-container\">\n\t\t\t\t\t\t\t\t\tWe adopt sustainable practices in mining and commodity trading to minimize environmental impacts. We aim to leave a more livable world for future generations through efficient use of natural resources and environmentally friendly methods.\t\t\t\t\t\t\t\t<\/div>\n\t\t\t\t<\/div>\n\t\t\t\t\t<\/div>\n\t\t<\/div>\n\t\t\t\t\t<\/div>\n\t\t<\/section>\n\t\t\t\t<\/div>","protected":false},"excerpt":{"rendered":"<p>BLACKROCK METAL MADEN FAAL\u0130YETLER\u0130M\u0130Z EMT\u0130A T\u0130CARET\u0130 BlackRock Metal Maden, D\u00fcnyan\u0131n merkezi kabul edilen ve devaml\u0131 geli\u015fen lojistik ve finans merkezlerinden biri olan \u0130stanbul\u2019da yer alan bir metal\u00fcrji ticaret firmas\u0131d\u0131r. D\u00fcnya \u00e7ap\u0131nda \u00f6nde gelen kurulu\u015flara hammadde ve metal\u00fcrjik kaynaklar\u0131 verimli ve sorumlu bir \u015fekilde tedarik etmeye kararl\u0131y\u0131z. Demir ve demir d\u0131\u015f\u0131 metal\u00fcrjik \u00fcr\u00fcnleri derinlemesine anlayarak, hem&#8230;<\/p>","protected":false},"author":1,"featured_media":0,"parent":0,"menu_order":0,"comment_status":"closed","ping_status":"closed","template":"","meta":{"footnotes":""},"class_list":["post-987785","page","type-page","status-publish","hentry"],"_links":{"self":[{"href":"https:\/\/www.blackrockmetalmaden.com\/en\/wp-json\/wp\/v2\/pages\/987785","targetHints":{"allow":["GET"]}}],"collection":[{"href":"https:\/\/www.blackrockmetalmaden.com\/en\/wp-json\/wp\/v2\/pages"}],"about":[{"href":"https:\/\/www.blackrockmetalmaden.com\/en\/wp-json\/wp\/v2\/types\/page"}],"author":[{"embeddable":true,"href":"https:\/\/www.blackrockmetalmaden.com\/en\/wp-json\/wp\/v2\/users\/1"}],"replies":[{"embeddable":true,"href":"https:\/\/www.blackrockmetalmaden.com\/en\/wp-json\/wp\/v2\/comments?post=987785"}],"version-history":[{"count":19,"href":"https:\/\/www.blackrockmetalmaden.com\/en\/wp-json\/wp\/v2\/pages\/987785\/revisions"}],"predecessor-version":[{"id":988178,"href":"https:\/\/www.blackrockmetalmaden.com\/en\/wp-json\/wp\/v2\/pages\/987785\/revisions\/988178"}],"wp:attachment":[{"href":"https:\/\/www.blackrockmetalmaden.com\/en\/wp-json\/wp\/v2\/media?parent=987785"}],"curies":[{"name":"wp","href":"https:\/\/api.w.org\/{rel}","templated":true}]}}