{"id":987823,"date":"2025-04-15T01:16:03","date_gmt":"2025-04-15T01:16:03","guid":{"rendered":"https:\/\/www.black.mawajans.com\/?page_id=987823"},"modified":"2025-04-16T11:05:45","modified_gmt":"2025-04-16T11:05:45","slug":"is-sagligi-ve-guvenligi","status":"publish","type":"page","link":"https:\/\/www.blackrockmetalmaden.com\/en\/is-sagligi-ve-guvenligi\/","title":{"rendered":"Occupational Health and Safety"},"content":{"rendered":"<div data-elementor-type=\"wp-page\" data-elementor-id=\"987823\" class=\"elementor elementor-987823\" data-elementor-post-type=\"page\">\n\t\t\t\t\t\t<section class=\"elementor-section elementor-top-section elementor-element elementor-element-de76138 elementor-section-full_width elementor-section-height-default elementor-section-height-default\" data-id=\"de76138\" data-element_type=\"section\">\n\t\t\t\t\t\t<div class=\"elementor-container elementor-column-gap-no\">\n\t\t\t\t\t<div class=\"elementor-column elementor-col-50 elementor-top-column elementor-element elementor-element-bf682d9 elementor-hidden-phone\" data-id=\"bf682d9\" data-element_type=\"column\">\n\t\t\t<div class=\"elementor-widget-wrap\">\n\t\t\t\t\t\t\t<\/div>\n\t\t<\/div>\n\t\t\t\t<div class=\"elementor-column elementor-col-50 elementor-top-column elementor-element elementor-element-b9a773b\" data-id=\"b9a773b\" data-element_type=\"column\" data-settings=\"{&quot;background_background&quot;:&quot;classic&quot;}\">\n\t\t\t<div class=\"elementor-widget-wrap elementor-element-populated\">\n\t\t\t\t\t\t<div class=\"elementor-element elementor-element-70cf90e elementor-widget elementor-widget-spacer\" data-id=\"70cf90e\" data-element_type=\"widget\" data-widget_type=\"spacer.default\">\n\t\t\t\t<div class=\"elementor-widget-container\">\n\t\t\t\t\t\t\t<div class=\"elementor-spacer\">\n\t\t\t<div class=\"elementor-spacer-inner\"><\/div>\n\t\t<\/div>\n\t\t\t\t\t\t<\/div>\n\t\t\t\t<\/div>\n\t\t\t\t\t<\/div>\n\t\t<\/div>\n\t\t\t\t\t<\/div>\n\t\t<\/section>\n\t\t\t\t<section class=\"elementor-section elementor-top-section elementor-element elementor-element-1cd4521 elementor-section-height-min-height elementor-section-items-bottom elementor-section-content-bottom elementor-section-boxed elementor-section-height-default\" data-id=\"1cd4521\" data-element_type=\"section\">\n\t\t\t\t\t\t<div class=\"elementor-container elementor-column-gap-no\">\n\t\t\t\t\t<div class=\"elementor-column elementor-col-50 elementor-top-column elementor-element elementor-element-b9158ed\" data-id=\"b9158ed\" data-element_type=\"column\" data-settings=\"{&quot;background_background&quot;:&quot;classic&quot;}\">\n\t\t\t<div class=\"elementor-widget-wrap elementor-element-populated\">\n\t\t\t\t\t\t<div class=\"elementor-element elementor-element-8f4aa85 elementor-invisible elementor-widget elementor-widget-heading\" data-id=\"8f4aa85\" data-element_type=\"widget\" data-settings=\"{&quot;_animation&quot;:&quot;fadeInUp&quot;,&quot;_animation_tablet&quot;:&quot;none&quot;,&quot;_animation_mobile&quot;:&quot;none&quot;}\" data-widget_type=\"heading.default\">\n\t\t\t\t<div class=\"elementor-widget-container\">\n\t\t\t\t\t<h6 class=\"elementor-heading-title elementor-size-default\">BLACKROCK METAL MINING<\/h6>\t\t\t\t<\/div>\n\t\t\t\t<\/div>\n\t\t\t\t<div class=\"elementor-element elementor-element-32fc7a0 elementor-invisible elementor-widget elementor-widget-heading\" data-id=\"32fc7a0\" data-element_type=\"widget\" data-settings=\"{&quot;_animation&quot;:&quot;fadeIn&quot;,&quot;_animation_delay&quot;:200}\" data-widget_type=\"heading.default\">\n\t\t\t\t<div class=\"elementor-widget-container\">\n\t\t\t\t\t<h1 class=\"elementor-heading-title elementor-size-default translation-block\">OCCUPATIONAL HEALTH <br>AND SAFETY<\/h1>\t\t\t\t<\/div>\n\t\t\t\t<\/div>\n\t\t\t\t\t<\/div>\n\t\t<\/div>\n\t\t\t\t<div class=\"elementor-column elementor-col-50 elementor-top-column elementor-element elementor-element-c39c80f elementor-hidden-phone\" data-id=\"c39c80f\" data-element_type=\"column\">\n\t\t\t<div class=\"elementor-widget-wrap\">\n\t\t\t\t\t\t\t<\/div>\n\t\t<\/div>\n\t\t\t\t\t<\/div>\n\t\t<\/section>\n\t\t\t\t<section class=\"elementor-section elementor-top-section elementor-element elementor-element-20d0b3e elementor-section-boxed elementor-section-height-default elementor-section-height-default\" data-id=\"20d0b3e\" data-element_type=\"section\">\n\t\t\t\t\t\t<div class=\"elementor-container elementor-column-gap-no\">\n\t\t\t\t\t<div class=\"elementor-column elementor-col-100 elementor-top-column elementor-element elementor-element-4abfdbb\" data-id=\"4abfdbb\" data-element_type=\"column\">\n\t\t\t<div class=\"elementor-widget-wrap elementor-element-populated\">\n\t\t\t\t\t\t<div class=\"elementor-element elementor-element-92f4abf elementor-invisible elementor-widget elementor-widget-text-editor\" data-id=\"92f4abf\" data-element_type=\"widget\" data-settings=\"{&quot;_animation&quot;:&quot;fadeIn&quot;,&quot;_animation_delay&quot;:100}\" data-widget_type=\"text-editor.default\">\n\t\t\t\t<div class=\"elementor-widget-container\">\n\t\t\t\t\t\t\t\t\t<p class=\"translation-block\"><span style=\"font-weight: 400\">As Black Rock Metal Mining, we are aware that creating a healthy and safe working environment in all our activities in the commodity and metal sector<\/span><b> is not only a priority but also a fundamental responsibility<\/b><span style=\"font-weight: 400\">. Protecting the physical and mental health of our employees is an integral part of efficient and sustainable production processes.<\/span><\/p><p><span style=\"font-weight: 400;\">With this understanding;<\/span><\/p><ul><li style=\"font-weight: 400;\" aria-level=\"1\"><b>To determine, implement and maintain the necessary measures to prevent work accidents and occupational diseases<\/b><span style=\"font-weight: 400;\">,<\/span><span style=\"font-weight: 400;\"><br \/><br \/><\/span><\/li><li style=\"font-weight: 400;\" aria-level=\"1\"><b>To minimize hazards by conducting risk assessments with the participation of our employees<\/b><span style=\"font-weight: 400;\">,<\/span><span style=\"font-weight: 400;\"><br \/><br \/><\/span><\/li><li style=\"font-weight: 400;\" aria-level=\"1\"><b>To establish a healthy work environment by using safe equipment and appropriate technologies<\/b><span style=\"font-weight: 400;\">,<\/span><span style=\"font-weight: 400;\"><br \/><br \/><\/span><\/li><li style=\"font-weight: 400;\" aria-level=\"1\"><span style=\"font-weight: 400;\">To encourage the active participation of all levels of the organization and our stakeholders in occupational health and safety practices,<\/span><span style=\"font-weight: 400;\"><br \/><br \/><\/span><\/li><li style=\"font-weight: 400;\" aria-level=\"1\"><span style=\"font-weight: 400;\">We attach importance to spreading security awareness not only in the business field but also in a way that makes it a way of life.<\/span><span style=\"font-weight: 400;\"><br \/><br \/><\/span><\/li><\/ul><p class=\"translation-block\"><span style=\"font-weight: 400\">With our sectoral knowledge;<\/span><b>We are aware of our responsibilities to comply with legal obligations, national and international standards<\/b><span style=\"font-weight: 400\"> and <\/span><b>continuously improve our processes with a proactive approach<\/b><span style=\"font-weight: 400\">. With this awareness, we see occupational health and safety as an integral part of our entire way of doing business.<\/span><\/p>\t\t\t\t\t\t\t\t<\/div>\n\t\t\t\t<\/div>\n\t\t\t\t\t<\/div>\n\t\t<\/div>\n\t\t\t\t\t<\/div>\n\t\t<\/section>\n\t\t\t\t<\/div>","protected":false},"excerpt":{"rendered":"<p>BLACKROCK METAL MADEN \u0130\u015e SA\u011eLI\u011eI VEG\u00dcVENL\u0130\u011e\u0130 Black Rock Metal Madencilik olarak, emtia ve metal sekt\u00f6r\u00fcnde y\u00fcr\u00fctt\u00fc\u011f\u00fcm\u00fcz t\u00fcm faaliyetlerde sa\u011fl\u0131kl\u0131 ve g\u00fcvenli bir \u00e7al\u0131\u015fma ortam\u0131 olu\u015fturman\u0131n sadece bir \u00f6ncelik de\u011fil, ayn\u0131 zamanda temel bir sorumluluk oldu\u011funun bilincindeyiz. \u00c7al\u0131\u015fanlar\u0131m\u0131z\u0131n fiziksel ve ruhsal sa\u011fl\u0131\u011f\u0131n\u0131 korumak, verimli ve s\u00fcrd\u00fcr\u00fclebilir \u00fcretim s\u00fcre\u00e7lerinin ayr\u0131lmaz bir par\u00e7as\u0131d\u0131r. Bu anlay\u0131\u015fla; \u0130\u015f kazalar\u0131 ve&#8230;<\/p>","protected":false},"author":1,"featured_media":0,"parent":0,"menu_order":0,"comment_status":"closed","ping_status":"closed","template":"","meta":{"footnotes":""},"class_list":["post-987823","page","type-page","status-publish","hentry"],"_links":{"self":[{"href":"https:\/\/www.blackrockmetalmaden.com\/en\/wp-json\/wp\/v2\/pages\/987823","targetHints":{"allow":["GET"]}}],"collection":[{"href":"https:\/\/www.blackrockmetalmaden.com\/en\/wp-json\/wp\/v2\/pages"}],"about":[{"href":"https:\/\/www.blackrockmetalmaden.com\/en\/wp-json\/wp\/v2\/types\/page"}],"author":[{"embeddable":true,"href":"https:\/\/www.blackrockmetalmaden.com\/en\/wp-json\/wp\/v2\/users\/1"}],"replies":[{"embeddable":true,"href":"https:\/\/www.blackrockmetalmaden.com\/en\/wp-json\/wp\/v2\/comments?post=987823"}],"version-history":[{"count":16,"href":"https:\/\/www.blackrockmetalmaden.com\/en\/wp-json\/wp\/v2\/pages\/987823\/revisions"}],"predecessor-version":[{"id":988135,"href":"https:\/\/www.blackrockmetalmaden.com\/en\/wp-json\/wp\/v2\/pages\/987823\/revisions\/988135"}],"wp:attachment":[{"href":"https:\/\/www.blackrockmetalmaden.com\/en\/wp-json\/wp\/v2\/media?parent=987823"}],"curies":[{"name":"wp","href":"https:\/\/api.w.org\/{rel}","templated":true}]}}