{"id":987836,"date":"2025-04-15T01:23:07","date_gmt":"2025-04-15T01:23:07","guid":{"rendered":"https:\/\/www.black.mawajans.com\/?page_id=987836"},"modified":"2025-04-16T11:05:42","modified_gmt":"2025-04-16T11:05:42","slug":"misyonumuz-ve-vizyonumuz","status":"publish","type":"page","link":"https:\/\/www.blackrockmetalmaden.com\/en\/misyonumuz-ve-vizyonumuz\/","title":{"rendered":"Misyonumuz ve Vizyonumuz"},"content":{"rendered":"<div data-elementor-type=\"wp-page\" data-elementor-id=\"987836\" class=\"elementor elementor-987836\" data-elementor-post-type=\"page\">\n\t\t\t\t\t\t<section class=\"elementor-section elementor-top-section elementor-element elementor-element-6e056f35 elementor-section-full_width elementor-section-height-default elementor-section-height-default\" data-id=\"6e056f35\" data-element_type=\"section\">\n\t\t\t\t\t\t<div class=\"elementor-container elementor-column-gap-no\">\n\t\t\t\t\t<div class=\"elementor-column elementor-col-50 elementor-top-column elementor-element elementor-element-2c2b62d0 elementor-hidden-phone\" data-id=\"2c2b62d0\" data-element_type=\"column\">\n\t\t\t<div class=\"elementor-widget-wrap\">\n\t\t\t\t\t\t\t<\/div>\n\t\t<\/div>\n\t\t\t\t<div class=\"elementor-column elementor-col-50 elementor-top-column elementor-element elementor-element-17550a50\" data-id=\"17550a50\" data-element_type=\"column\" data-settings=\"{&quot;background_background&quot;:&quot;classic&quot;}\">\n\t\t\t<div class=\"elementor-widget-wrap elementor-element-populated\">\n\t\t\t\t\t\t<div class=\"elementor-element elementor-element-24bcb465 elementor-widget elementor-widget-spacer\" data-id=\"24bcb465\" data-element_type=\"widget\" data-widget_type=\"spacer.default\">\n\t\t\t\t<div class=\"elementor-widget-container\">\n\t\t\t\t\t\t\t<div class=\"elementor-spacer\">\n\t\t\t<div class=\"elementor-spacer-inner\"><\/div>\n\t\t<\/div>\n\t\t\t\t\t\t<\/div>\n\t\t\t\t<\/div>\n\t\t\t\t\t<\/div>\n\t\t<\/div>\n\t\t\t\t\t<\/div>\n\t\t<\/section>\n\t\t\t\t<section class=\"elementor-section elementor-top-section elementor-element elementor-element-646710c3 elementor-section-height-min-height elementor-section-items-bottom elementor-section-content-bottom elementor-section-boxed elementor-section-height-default\" data-id=\"646710c3\" data-element_type=\"section\">\n\t\t\t\t\t\t<div class=\"elementor-container elementor-column-gap-no\">\n\t\t\t\t\t<div class=\"elementor-column elementor-col-50 elementor-top-column elementor-element elementor-element-14759be5\" data-id=\"14759be5\" data-element_type=\"column\" data-settings=\"{&quot;background_background&quot;:&quot;classic&quot;}\">\n\t\t\t<div class=\"elementor-widget-wrap elementor-element-populated\">\n\t\t\t\t\t\t<div class=\"elementor-element elementor-element-14c0189a elementor-invisible elementor-widget elementor-widget-heading\" data-id=\"14c0189a\" data-element_type=\"widget\" data-settings=\"{&quot;_animation&quot;:&quot;fadeInUp&quot;,&quot;_animation_tablet&quot;:&quot;none&quot;,&quot;_animation_mobile&quot;:&quot;none&quot;}\" data-widget_type=\"heading.default\">\n\t\t\t\t<div class=\"elementor-widget-container\">\n\t\t\t\t\t<h6 class=\"elementor-heading-title elementor-size-default\">BLACKROCK METAL MINING<\/h6>\t\t\t\t<\/div>\n\t\t\t\t<\/div>\n\t\t\t\t<div class=\"elementor-element elementor-element-6656e136 elementor-invisible elementor-widget elementor-widget-heading\" data-id=\"6656e136\" data-element_type=\"widget\" data-settings=\"{&quot;_animation&quot;:&quot;fadeIn&quot;,&quot;_animation_delay&quot;:200}\" data-widget_type=\"heading.default\">\n\t\t\t\t<div class=\"elementor-widget-container\">\n\t\t\t\t\t<h1 class=\"elementor-heading-title elementor-size-default\">OUR MISSION &amp; VISION<\/h1>\t\t\t\t<\/div>\n\t\t\t\t<\/div>\n\t\t\t\t\t<\/div>\n\t\t<\/div>\n\t\t\t\t<div class=\"elementor-column elementor-col-50 elementor-top-column elementor-element elementor-element-42c581d7 elementor-hidden-phone\" data-id=\"42c581d7\" data-element_type=\"column\">\n\t\t\t<div class=\"elementor-widget-wrap\">\n\t\t\t\t\t\t\t<\/div>\n\t\t<\/div>\n\t\t\t\t\t<\/div>\n\t\t<\/section>\n\t\t\t\t<section class=\"elementor-section elementor-top-section elementor-element elementor-element-8b37e53 animated-slow elementor-section-boxed elementor-section-height-default elementor-section-height-default\" data-id=\"8b37e53\" data-element_type=\"section\" data-settings=\"{&quot;animation&quot;:&quot;none&quot;}\">\n\t\t\t\t\t\t<div class=\"elementor-container elementor-column-gap-no\">\n\t\t\t\t\t<div class=\"elementor-column elementor-col-66 elementor-top-column elementor-element elementor-element-10eb4fe\" data-id=\"10eb4fe\" data-element_type=\"column\">\n\t\t\t<div class=\"elementor-widget-wrap elementor-element-populated\">\n\t\t\t\t\t\t<div class=\"vamtam-has-theme-widget-styles elementor-element elementor-element-4900d7a elementor-widget elementor-widget-image\" data-id=\"4900d7a\" data-element_type=\"widget\" data-settings=\"{&quot;_animation&quot;:&quot;none&quot;,&quot;_animation_tablet&quot;:&quot;none&quot;,&quot;_animation_mobile&quot;:&quot;none&quot;,&quot;_animation_delay&quot;:300}\" data-widget_type=\"image.default\">\n\t\t\t\t<div class=\"elementor-widget-container\">\n\t\t\t\t\t\t\t\t\t<div class=\"elementor-image\">\n\t\t\t\t\t\t\t\t\t\t\t\t\t\t\t\t\t\t\t\t\t<img fetchpriority=\"high\" decoding=\"async\" width=\"2560\" height=\"1920\" src=\"https:\/\/www.blackrockmetalmaden.com\/wp-content\/uploads\/2025\/04\/blackrok_misyon-scaled.jpg\" class=\"attachment-full size-full wp-image-987743\" alt=\"\" srcset=\"https:\/\/www.blackrockmetalmaden.com\/wp-content\/uploads\/2025\/04\/blackrok_misyon-scaled.jpg 2560w, https:\/\/www.blackrockmetalmaden.com\/wp-content\/uploads\/2025\/04\/blackrok_misyon-300x225.jpg 300w, https:\/\/www.blackrockmetalmaden.com\/wp-content\/uploads\/2025\/04\/blackrok_misyon-1024x768.jpg 1024w, https:\/\/www.blackrockmetalmaden.com\/wp-content\/uploads\/2025\/04\/blackrok_misyon-768x576.jpg 768w, https:\/\/www.blackrockmetalmaden.com\/wp-content\/uploads\/2025\/04\/blackrok_misyon-1536x1152.jpg 1536w, https:\/\/www.blackrockmetalmaden.com\/wp-content\/uploads\/2025\/04\/blackrok_misyon-2048x1536.jpg 2048w\" sizes=\"(max-width: 2560px) 100vw, 2560px\" \/>\t\t\t\t\t\t\t\t\t\t\t\t\t\t\t\t\t\t\t\t\t\t\t\t<\/div>\n\t\t\t\t\t\t\t\t<\/div>\n\t\t\t\t<\/div>\n\t\t\t\t\t<\/div>\n\t\t<\/div>\n\t\t\t\t<div class=\"elementor-column elementor-col-33 elementor-top-column elementor-element elementor-element-402a923\" data-id=\"402a923\" data-element_type=\"column\">\n\t\t\t<div class=\"elementor-widget-wrap elementor-element-populated\">\n\t\t\t\t\t\t<div class=\"elementor-element elementor-element-3c52057 elementor-widget__width-initial elementor-invisible elementor-widget elementor-widget-heading\" data-id=\"3c52057\" data-element_type=\"widget\" data-settings=\"{&quot;_animation&quot;:&quot;fadeIn&quot;,&quot;_animation_tablet&quot;:&quot;none&quot;,&quot;_animation_mobile&quot;:&quot;none&quot;}\" data-widget_type=\"heading.default\">\n\t\t\t\t<div class=\"elementor-widget-container\">\n\t\t\t\t\t<h2 class=\"elementor-heading-title elementor-size-default\">Mission<\/h2>\t\t\t\t<\/div>\n\t\t\t\t<\/div>\n\t\t\t\t<div class=\"elementor-element elementor-element-aab7dea elementor-widget__width-initial elementor-widget elementor-widget-text-editor\" data-id=\"aab7dea\" data-element_type=\"widget\" data-widget_type=\"text-editor.default\">\n\t\t\t\t<div class=\"elementor-widget-container\">\n\t\t\t\t\t\t\t\t\t<p><span style=\"font-weight: 400;\">To continue our long-standing field experience in the mining sector by providing quality and reliable services to our customers in the field of commodity trading; to create added value in global markets by developing sustainable solutions in the evaluation of metals and minerals.<\/span><\/p>\t\t\t\t\t\t\t\t<\/div>\n\t\t\t\t<\/div>\n\t\t\t\t\t<\/div>\n\t\t<\/div>\n\t\t\t\t\t<\/div>\n\t\t<\/section>\n\t\t\t\t<section class=\"elementor-section elementor-top-section elementor-element elementor-element-1924cea animated-slow elementor-section-boxed elementor-section-height-default elementor-section-height-default\" data-id=\"1924cea\" data-element_type=\"section\" data-settings=\"{&quot;animation&quot;:&quot;none&quot;}\">\n\t\t\t\t\t\t<div class=\"elementor-container elementor-column-gap-no\">\n\t\t\t\t\t<div class=\"elementor-column elementor-col-33 elementor-top-column elementor-element elementor-element-110c9e0\" data-id=\"110c9e0\" data-element_type=\"column\">\n\t\t\t<div class=\"elementor-widget-wrap elementor-element-populated\">\n\t\t\t\t\t\t<div class=\"elementor-element elementor-element-5e7d59d elementor-widget__width-initial elementor-invisible elementor-widget elementor-widget-heading\" data-id=\"5e7d59d\" data-element_type=\"widget\" data-settings=\"{&quot;_animation&quot;:&quot;fadeIn&quot;,&quot;_animation_tablet&quot;:&quot;none&quot;,&quot;_animation_mobile&quot;:&quot;none&quot;}\" data-widget_type=\"heading.default\">\n\t\t\t\t<div class=\"elementor-widget-container\">\n\t\t\t\t\t<h2 class=\"elementor-heading-title elementor-size-default\">Vision<\/h2>\t\t\t\t<\/div>\n\t\t\t\t<\/div>\n\t\t\t\t<div class=\"elementor-element elementor-element-7d2dd86 elementor-widget__width-initial elementor-widget elementor-widget-text-editor\" data-id=\"7d2dd86\" data-element_type=\"widget\" data-widget_type=\"text-editor.default\">\n\t\t\t\t<div class=\"elementor-widget-container\">\n\t\t\t\t\t\t\t\t\t<p><span style=\"font-weight: 400;\">To reach a pioneering position in the field of commodity trading with innovative and sustainable methods; to become a leading brand that directs the future of the sector in Turkey and in the international arena by continuously improving our knowledge in the sector.\u00a0<\/span><\/p>\t\t\t\t\t\t\t\t<\/div>\n\t\t\t\t<\/div>\n\t\t\t\t\t<\/div>\n\t\t<\/div>\n\t\t\t\t<div class=\"elementor-column elementor-col-66 elementor-top-column elementor-element elementor-element-b48986b\" data-id=\"b48986b\" data-element_type=\"column\">\n\t\t\t<div class=\"elementor-widget-wrap elementor-element-populated\">\n\t\t\t\t\t\t<div class=\"vamtam-has-theme-widget-styles elementor-element elementor-element-a4f13a1 elementor-widget elementor-widget-image\" data-id=\"a4f13a1\" data-element_type=\"widget\" data-settings=\"{&quot;_animation&quot;:&quot;none&quot;,&quot;_animation_tablet&quot;:&quot;none&quot;,&quot;_animation_mobile&quot;:&quot;none&quot;,&quot;_animation_delay&quot;:300}\" data-widget_type=\"image.default\">\n\t\t\t\t<div class=\"elementor-widget-container\">\n\t\t\t\t\t\t\t\t\t<div class=\"elementor-image\">\n\t\t\t\t\t\t\t\t\t\t\t\t\t\t\t\t\t\t\t\t\t<img decoding=\"async\" width=\"2560\" height=\"1920\" src=\"https:\/\/www.blackrockmetalmaden.com\/wp-content\/uploads\/2025\/04\/blackrok_vizyon-scaled.jpg\" class=\"attachment-full size-full wp-image-987744\" alt=\"\" srcset=\"https:\/\/www.blackrockmetalmaden.com\/wp-content\/uploads\/2025\/04\/blackrok_vizyon-scaled.jpg 2560w, https:\/\/www.blackrockmetalmaden.com\/wp-content\/uploads\/2025\/04\/blackrok_vizyon-300x225.jpg 300w, https:\/\/www.blackrockmetalmaden.com\/wp-content\/uploads\/2025\/04\/blackrok_vizyon-1024x768.jpg 1024w, https:\/\/www.blackrockmetalmaden.com\/wp-content\/uploads\/2025\/04\/blackrok_vizyon-768x576.jpg 768w, https:\/\/www.blackrockmetalmaden.com\/wp-content\/uploads\/2025\/04\/blackrok_vizyon-1536x1152.jpg 1536w, https:\/\/www.blackrockmetalmaden.com\/wp-content\/uploads\/2025\/04\/blackrok_vizyon-2048x1536.jpg 2048w\" sizes=\"(max-width: 2560px) 100vw, 2560px\" \/>\t\t\t\t\t\t\t\t\t\t\t\t\t\t\t\t\t\t\t\t\t\t\t\t<\/div>\n\t\t\t\t\t\t\t\t<\/div>\n\t\t\t\t<\/div>\n\t\t\t\t\t<\/div>\n\t\t<\/div>\n\t\t\t\t\t<\/div>\n\t\t<\/section>\n\t\t\t\t<\/div>","protected":false},"excerpt":{"rendered":"<p>BLACKROCK METAL MADEN M\u0130SYONUMUZ &#038; V\u0130ZYONUMUZ M\u0130SYONUMUZ Madencilik sekt\u00f6r\u00fcnde uzun y\u0131llara dayanan saha tecr\u00fcbemizi, emtia ticareti alan\u0131nda m\u00fc\u015fterilerimize kaliteli ve g\u00fcvenilir hizmetler sunarak s\u00fcrd\u00fcrmek; metal ve madenlerin de\u011ferlendirilmesinde s\u00fcrd\u00fcr\u00fclebilir \u00e7\u00f6z\u00fcmler geli\u015ftirerek k\u00fcresel pazarlarda katma de\u011fer yaratmakt\u0131r. V\u0130ZYONUMUZ Emtia ticareti alan\u0131nda yenilik\u00e7i ve s\u00fcrd\u00fcr\u00fclebilir y\u00f6ntemlerle \u00f6nc\u00fc bir konuma ula\u015fmak; sekt\u00f6rdeki bilgi birikimimizi s\u00fcrekli geli\u015ftirerek T\u00fcrkiye&#8217;de ve&#8230;<\/p>","protected":false},"author":1,"featured_media":0,"parent":0,"menu_order":0,"comment_status":"closed","ping_status":"closed","template":"","meta":{"footnotes":""},"class_list":["post-987836","page","type-page","status-publish","hentry"],"_links":{"self":[{"href":"https:\/\/www.blackrockmetalmaden.com\/en\/wp-json\/wp\/v2\/pages\/987836","targetHints":{"allow":["GET"]}}],"collection":[{"href":"https:\/\/www.blackrockmetalmaden.com\/en\/wp-json\/wp\/v2\/pages"}],"about":[{"href":"https:\/\/www.blackrockmetalmaden.com\/en\/wp-json\/wp\/v2\/types\/page"}],"author":[{"embeddable":true,"href":"https:\/\/www.blackrockmetalmaden.com\/en\/wp-json\/wp\/v2\/users\/1"}],"replies":[{"embeddable":true,"href":"https:\/\/www.blackrockmetalmaden.com\/en\/wp-json\/wp\/v2\/comments?post=987836"}],"version-history":[{"count":16,"href":"https:\/\/www.blackrockmetalmaden.com\/en\/wp-json\/wp\/v2\/pages\/987836\/revisions"}],"predecessor-version":[{"id":988132,"href":"https:\/\/www.blackrockmetalmaden.com\/en\/wp-json\/wp\/v2\/pages\/987836\/revisions\/988132"}],"wp:attachment":[{"href":"https:\/\/www.blackrockmetalmaden.com\/en\/wp-json\/wp\/v2\/media?parent=987836"}],"curies":[{"name":"wp","href":"https:\/\/api.w.org\/{rel}","templated":true}]}}