{"id":987855,"date":"2025-04-15T01:30:56","date_gmt":"2025-04-15T01:30:56","guid":{"rendered":"https:\/\/www.black.mawajans.com\/?page_id=987855"},"modified":"2025-04-16T11:05:37","modified_gmt":"2025-04-16T11:05:37","slug":"kalite-anlayisimiz","status":"publish","type":"page","link":"https:\/\/www.blackrockmetalmaden.com\/en\/kalite-anlayisimiz\/","title":{"rendered":"Our Understanding of Quality"},"content":{"rendered":"<div data-elementor-type=\"wp-page\" data-elementor-id=\"987855\" class=\"elementor elementor-987855\" data-elementor-post-type=\"page\">\n\t\t\t\t\t\t<section class=\"elementor-section elementor-top-section elementor-element elementor-element-de76138 elementor-section-full_width elementor-section-height-default elementor-section-height-default\" data-id=\"de76138\" data-element_type=\"section\">\n\t\t\t\t\t\t<div class=\"elementor-container elementor-column-gap-no\">\n\t\t\t\t\t<div class=\"elementor-column elementor-col-50 elementor-top-column elementor-element elementor-element-bf682d9 elementor-hidden-phone\" data-id=\"bf682d9\" data-element_type=\"column\">\n\t\t\t<div class=\"elementor-widget-wrap\">\n\t\t\t\t\t\t\t<\/div>\n\t\t<\/div>\n\t\t\t\t<div class=\"elementor-column elementor-col-50 elementor-top-column elementor-element elementor-element-b9a773b\" data-id=\"b9a773b\" data-element_type=\"column\" data-settings=\"{&quot;background_background&quot;:&quot;classic&quot;}\">\n\t\t\t<div class=\"elementor-widget-wrap elementor-element-populated\">\n\t\t\t\t\t\t<div class=\"elementor-element elementor-element-70cf90e elementor-widget elementor-widget-spacer\" data-id=\"70cf90e\" data-element_type=\"widget\" data-widget_type=\"spacer.default\">\n\t\t\t\t<div class=\"elementor-widget-container\">\n\t\t\t\t\t\t\t<div class=\"elementor-spacer\">\n\t\t\t<div class=\"elementor-spacer-inner\"><\/div>\n\t\t<\/div>\n\t\t\t\t\t\t<\/div>\n\t\t\t\t<\/div>\n\t\t\t\t\t<\/div>\n\t\t<\/div>\n\t\t\t\t\t<\/div>\n\t\t<\/section>\n\t\t\t\t<section class=\"elementor-section elementor-top-section elementor-element elementor-element-1cd4521 elementor-section-height-min-height elementor-section-items-bottom elementor-section-content-bottom elementor-section-boxed elementor-section-height-default\" data-id=\"1cd4521\" data-element_type=\"section\">\n\t\t\t\t\t\t<div class=\"elementor-container elementor-column-gap-no\">\n\t\t\t\t\t<div class=\"elementor-column elementor-col-50 elementor-top-column elementor-element elementor-element-b9158ed\" data-id=\"b9158ed\" data-element_type=\"column\" data-settings=\"{&quot;background_background&quot;:&quot;classic&quot;}\">\n\t\t\t<div class=\"elementor-widget-wrap elementor-element-populated\">\n\t\t\t\t\t\t<div class=\"elementor-element elementor-element-8f4aa85 elementor-invisible elementor-widget elementor-widget-heading\" data-id=\"8f4aa85\" data-element_type=\"widget\" data-settings=\"{&quot;_animation&quot;:&quot;fadeInUp&quot;,&quot;_animation_tablet&quot;:&quot;none&quot;,&quot;_animation_mobile&quot;:&quot;none&quot;}\" data-widget_type=\"heading.default\">\n\t\t\t\t<div class=\"elementor-widget-container\">\n\t\t\t\t\t<h6 class=\"elementor-heading-title elementor-size-default\">BLACKROCK METAL MINING<\/h6>\t\t\t\t<\/div>\n\t\t\t\t<\/div>\n\t\t\t\t<div class=\"elementor-element elementor-element-32fc7a0 elementor-invisible elementor-widget elementor-widget-heading\" data-id=\"32fc7a0\" data-element_type=\"widget\" data-settings=\"{&quot;_animation&quot;:&quot;fadeIn&quot;,&quot;_animation_delay&quot;:200}\" data-widget_type=\"heading.default\">\n\t\t\t\t<div class=\"elementor-widget-container\">\n\t\t\t\t\t<h1 class=\"elementor-heading-title elementor-size-default\">OUR UNDERSTANDING OF QUALITY<\/h1>\t\t\t\t<\/div>\n\t\t\t\t<\/div>\n\t\t\t\t\t<\/div>\n\t\t<\/div>\n\t\t\t\t<div class=\"elementor-column elementor-col-50 elementor-top-column elementor-element elementor-element-c39c80f elementor-hidden-phone\" data-id=\"c39c80f\" data-element_type=\"column\">\n\t\t\t<div class=\"elementor-widget-wrap\">\n\t\t\t\t\t\t\t<\/div>\n\t\t<\/div>\n\t\t\t\t\t<\/div>\n\t\t<\/section>\n\t\t\t\t<section class=\"elementor-section elementor-top-section elementor-element elementor-element-20d0b3e elementor-section-boxed elementor-section-height-default elementor-section-height-default\" data-id=\"20d0b3e\" data-element_type=\"section\">\n\t\t\t\t\t\t<div class=\"elementor-container elementor-column-gap-no\">\n\t\t\t\t\t<div class=\"elementor-column elementor-col-100 elementor-top-column elementor-element elementor-element-4abfdbb\" data-id=\"4abfdbb\" data-element_type=\"column\">\n\t\t\t<div class=\"elementor-widget-wrap elementor-element-populated\">\n\t\t\t\t\t\t<div class=\"elementor-element elementor-element-92f4abf elementor-invisible elementor-widget elementor-widget-text-editor\" data-id=\"92f4abf\" data-element_type=\"widget\" data-settings=\"{&quot;_animation&quot;:&quot;fadeIn&quot;,&quot;_animation_delay&quot;:100}\" data-widget_type=\"text-editor.default\">\n\t\t\t\t<div class=\"elementor-widget-container\">\n\t\t\t\t\t\t\t\t\t<p class=\"translation-block\"><b>BlackRock Metal Maden<\/b><span style=\"font-weight: 400\"> Our understanding of quality as; adopts the highest international quality standards in all our fields of activity and offers our customers consistent, reliable and sustainable solutions.<\/span><\/p><p><span style=\"font-weight: 400;\">By implementing detailed quality control systems at every stage of our commodity supply activities, we aim to fully meet the needs of our customers. We continuously increase process efficiency and product quality by using innovative technologies.<\/span><\/p><p><span style=\"font-weight: 400;\">By adhering to the principles of customer satisfaction, transparency and reliability, we ensure that our business partners achieve their investment goals and continue to strengthen our leading position in the sector every day.<\/span><\/p>\t\t\t\t\t\t\t\t<\/div>\n\t\t\t\t<\/div>\n\t\t\t\t\t<\/div>\n\t\t<\/div>\n\t\t\t\t\t<\/div>\n\t\t<\/section>\n\t\t\t\t<\/div>","protected":false},"excerpt":{"rendered":"<p>BLACKROCK METAL MADEN KAL\u0130TE ANLAYI\u015eIMIZ BlackRock Metal Maden olarak kalite anlay\u0131\u015f\u0131m\u0131z; t\u00fcm faaliyet alanlar\u0131m\u0131zda en y\u00fcksek uluslararas\u0131 kalite standartlar\u0131n\u0131 benimsiyor, m\u00fc\u015fterilerimize tutarl\u0131, g\u00fcvenilir ve s\u00fcrd\u00fcr\u00fclebilir \u00e7\u00f6z\u00fcmler sunuyoruz. Emtia tedarik faaliyetlerimizin her a\u015famas\u0131nda detayl\u0131 kalite kontrol sistemleri uygulayarak, m\u00fc\u015fterilerimizin ihtiya\u00e7lar\u0131n\u0131 eksiksiz kar\u015f\u0131lamay\u0131 hedefliyoruz. Yenilik\u00e7i teknolojileri kullanarak s\u00fcre\u00e7 verimlili\u011fini ve \u00fcr\u00fcn kalitesini s\u00fcrekli art\u0131r\u0131yoruz. M\u00fc\u015fteri memnuniyeti, \u015feffafl\u0131k&#8230;<\/p>","protected":false},"author":1,"featured_media":0,"parent":0,"menu_order":0,"comment_status":"closed","ping_status":"closed","template":"","meta":{"footnotes":""},"class_list":["post-987855","page","type-page","status-publish","hentry"],"_links":{"self":[{"href":"https:\/\/www.blackrockmetalmaden.com\/en\/wp-json\/wp\/v2\/pages\/987855","targetHints":{"allow":["GET"]}}],"collection":[{"href":"https:\/\/www.blackrockmetalmaden.com\/en\/wp-json\/wp\/v2\/pages"}],"about":[{"href":"https:\/\/www.blackrockmetalmaden.com\/en\/wp-json\/wp\/v2\/types\/page"}],"author":[{"embeddable":true,"href":"https:\/\/www.blackrockmetalmaden.com\/en\/wp-json\/wp\/v2\/users\/1"}],"replies":[{"embeddable":true,"href":"https:\/\/www.blackrockmetalmaden.com\/en\/wp-json\/wp\/v2\/comments?post=987855"}],"version-history":[{"count":16,"href":"https:\/\/www.blackrockmetalmaden.com\/en\/wp-json\/wp\/v2\/pages\/987855\/revisions"}],"predecessor-version":[{"id":988129,"href":"https:\/\/www.blackrockmetalmaden.com\/en\/wp-json\/wp\/v2\/pages\/987855\/revisions\/988129"}],"wp:attachment":[{"href":"https:\/\/www.blackrockmetalmaden.com\/en\/wp-json\/wp\/v2\/media?parent=987855"}],"curies":[{"name":"wp","href":"https:\/\/api.w.org\/{rel}","templated":true}]}}